{"id":45,"date":"2018-05-31T12:15:25","date_gmt":"2018-05-31T10:15:25","guid":{"rendered":"http:\/\/isabelleseckinger.fr\/?page_id=45"},"modified":"2019-09-16T09:42:41","modified_gmt":"2019-09-16T07:42:41","slug":"illustration","status":"publish","type":"page","link":"https:\/\/isabelleseckinger.fr\/index.php\/portfolio\/illustration\/","title":{"rendered":"illustration"},"content":{"rendered":"\t\t<div data-elementor-type=\"wp-post\" data-elementor-id=\"45\" class=\"elementor elementor-45\">\n\t\t\t\t\t\t<div class=\"elementor-inner\">\n\t\t\t\t<div class=\"elementor-section-wrap\">\n\t\t\t\t\t\t\t\t\t<section class=\"elementor-section elementor-top-section elementor-element elementor-element-9390698 elementor-section-boxed elementor-section-height-default elementor-section-height-default\" data-id=\"9390698\" data-element_type=\"section\">\n\t\t\t\t\t\t<div class=\"elementor-container elementor-column-gap-default\">\n\t\t\t\t\t\t\t<div class=\"elementor-row\">\n\t\t\t\t\t<div class=\"elementor-column elementor-col-66 elementor-top-column elementor-element elementor-element-64fc520\" data-id=\"64fc520\" data-element_type=\"column\">\n\t\t\t<div class=\"elementor-column-wrap elementor-element-populated\">\n\t\t\t\t\t\t\t<div class=\"elementor-widget-wrap\">\n\t\t\t\t\t\t<div class=\"elementor-element elementor-element-6fd1dc2 elementor-widget elementor-widget-heading\" data-id=\"6fd1dc2\" data-element_type=\"widget\" data-widget_type=\"heading.default\">\n\t\t\t\t<div class=\"elementor-widget-container\">\n\t\t\t<h2 class=\"elementor-heading-title elementor-size-xxl\">ILLUSTRATION<\/h2>\t\t<\/div>\n\t\t\t\t<\/div>\n\t\t\t\t\t\t<\/div>\n\t\t\t\t\t<\/div>\n\t\t<\/div>\n\t\t\t\t<div class=\"elementor-column elementor-col-33 elementor-top-column elementor-element elementor-element-2c41d00\" data-id=\"2c41d00\" data-element_type=\"column\">\n\t\t\t<div class=\"elementor-column-wrap elementor-element-populated\">\n\t\t\t\t\t\t\t<div class=\"elementor-widget-wrap\">\n\t\t\t\t\t\t<div class=\"elementor-element elementor-element-520ed22 elementor-hidden-phone elementor-widget elementor-widget-image\" data-id=\"520ed22\" data-element_type=\"widget\" data-widget_type=\"image.default\">\n\t\t\t\t<div class=\"elementor-widget-container\">\n\t\t\t\t\t\t\t\t<div class=\"elementor-image\">\n\t\t\t\t\t\t\t\t\t\t\t\t<img loading=\"lazy\" decoding=\"async\" width=\"600\" height=\"728\" src=\"https:\/\/isabelleseckinger.fr\/wp-content\/uploads\/2018\/06\/Capture6.png\" class=\"elementor-animation-hang attachment-large size-large\" alt=\"\" srcset=\"https:\/\/isabelleseckinger.fr\/wp-content\/uploads\/2018\/06\/Capture6.png 600w, https:\/\/isabelleseckinger.fr\/wp-content\/uploads\/2018\/06\/Capture6-247x300.png 247w\" sizes=\"(max-width: 600px) 100vw, 600px\" \/>\t\t\t\t\t\t\t\t\t\t\t\t\t\t<\/div>\n\t\t\t\t\t\t<\/div>\n\t\t\t\t<\/div>\n\t\t\t\t\t\t<\/div>\n\t\t\t\t\t<\/div>\n\t\t<\/div>\n\t\t\t\t\t\t\t\t<\/div>\n\t\t\t\t\t<\/div>\n\t\t<\/section>\n\t\t\t\t<section class=\"elementor-section elementor-top-section elementor-element elementor-element-27c1ccc2 elementor-section-boxed elementor-section-height-default elementor-section-height-default\" data-id=\"27c1ccc2\" data-element_type=\"section\">\n\t\t\t\t\t\t<div class=\"elementor-container elementor-column-gap-default\">\n\t\t\t\t\t\t\t<div class=\"elementor-row\">\n\t\t\t\t\t<div class=\"elementor-column elementor-col-100 elementor-top-column elementor-element elementor-element-24046173\" data-id=\"24046173\" data-element_type=\"column\">\n\t\t\t<div class=\"elementor-column-wrap elementor-element-populated\">\n\t\t\t\t\t\t\t<div class=\"elementor-widget-wrap\">\n\t\t\t\t\t\t<div class=\"elementor-element elementor-element-7d3f28ff elementor-widget elementor-widget-text-editor\" data-id=\"7d3f28ff\" data-element_type=\"widget\" data-widget_type=\"text-editor.default\">\n\t\t\t\t<div class=\"elementor-widget-container\">\n\t\t\t\t\t\t\t\t<div class=\"elementor-text-editor elementor-clearfix\">\n\t\t\t\t<style type=\"text\/css\">\r\n\t#foogallery-gallery-79 .fg-image {\r\n        width: 200px;\r\n    }\r\n<\/style>\r\n\t\t\t\t<div class=\"foogallery foogallery-container foogallery-default foogallery-lightbox-foobox fg-gutter-25 fg-center fg-default fg-light fg-round-small fg-shadow-large fg-shadow-inset-large fg-loading-trail fg-loaded-fade-in fg-caption-hover fg-hover-push fg-ready\" id=\"foogallery-gallery-79\" data-foogallery=\"{&quot;item&quot;:{&quot;showCaptionTitle&quot;:false,&quot;showCaptionDescription&quot;:true},&quot;lazy&quot;:true}\" >\r\n\t<div class=\"fg-item fg-type-image fg-idle\"><figure class=\"fg-item-inner\"><a href=\"https:\/\/isabelleseckinger.fr\/wp-content\/uploads\/2018\/05\/cochon1.jpg\" data-caption-desc=\"Peinture \u00e0 l&#039;huile et effets Photoshop &quot;l&#039;Imp\u00e9ratrice d&#039;Exopotamie&quot; Illustration jeunesse\" data-attachment-id=\"80\" class=\"fg-thumb\" data-rel=\"lightbox-image-0\" data-rl_title=\"\" data-rl_caption=\"\" title=\"\"><span class=\"fg-image-wrap\"><img decoding=\"async\" alt=\"Peinture \u00e0 l&#039;huile et effets Photoshop &quot;l&#039;Imp\u00e9ratrice d&#039;Exopotamie&quot; Illustration jeunesse\" width=\"200\" height=\"200\" class=\"skip-lazy fg-image\" data-src-fg=\"https:\/\/isabelleseckinger.fr\/wp-content\/uploads\/cache\/2018\/05\/cochon1\/977314300.jpg\" src=\"data:image\/svg+xml,%3Csvg%20xmlns%3D%22http%3A%2F%2Fwww.w3.org%2F2000%2Fsvg%22%20width%3D%22200%22%20height%3D%22200%22%20viewBox%3D%220%200%20200%20200%22%3E%3C%2Fsvg%3E\" loading=\"eager\"><\/span><span class=\"fg-image-overlay\"><\/span><\/a><figcaption class=\"fg-caption\"><div class=\"fg-caption-inner\"><div class=\"fg-caption-desc\">Peinture \u00e0 l&rsquo;huile et effets Photoshop \u00ab\u00a0l&rsquo;Imp\u00e9ratrice d&rsquo;Exopotamie\u00a0\u00bb Illustration jeunesse<\/div><\/div><\/figcaption><\/figure><div class=\"fg-loader\"><\/div><\/div><div class=\"fg-item fg-type-image fg-idle\"><figure class=\"fg-item-inner\"><a href=\"https:\/\/isabelleseckinger.fr\/wp-content\/uploads\/2018\/05\/Imp\u00e9ratrice.jpg\" data-caption-desc=\"Peinture \u00e0 l&#039;huile et collage &quot;l&#039;imp\u00e9ratrice d&#039;Exopotamie&quot; Illustration jeunesse\" data-attachment-id=\"82\" class=\"fg-thumb\" data-rel=\"lightbox-image-1\" data-rl_title=\"\" data-rl_caption=\"\" title=\"\"><span class=\"fg-image-wrap\"><img decoding=\"async\" alt=\"Peinture \u00e0 l&#039;huile et collage &quot;l&#039;imp\u00e9ratrice d&#039;Exopotamie&quot; Illustration jeunesse\" width=\"200\" height=\"200\" class=\"skip-lazy fg-image\" data-src-fg=\"https:\/\/isabelleseckinger.fr\/wp-content\/uploads\/cache\/2018\/05\/Imp\u00e9ratrice\/-28503983.jpg\" src=\"data:image\/svg+xml,%3Csvg%20xmlns%3D%22http%3A%2F%2Fwww.w3.org%2F2000%2Fsvg%22%20width%3D%22200%22%20height%3D%22200%22%20viewBox%3D%220%200%20200%20200%22%3E%3C%2Fsvg%3E\" loading=\"eager\"><\/span><span class=\"fg-image-overlay\"><\/span><\/a><figcaption class=\"fg-caption\"><div class=\"fg-caption-inner\"><div class=\"fg-caption-desc\">Peinture \u00e0 l&rsquo;huile et collage \u00ab\u00a0l&rsquo;imp\u00e9ratrice d&rsquo;Exopotamie\u00a0\u00bb Illustration jeunesse<\/div><\/div><\/figcaption><\/figure><div class=\"fg-loader\"><\/div><\/div><div class=\"fg-item fg-type-image fg-idle\"><figure class=\"fg-item-inner\"><a href=\"https:\/\/isabelleseckinger.fr\/wp-content\/uploads\/2018\/05\/dessinenfant.jpg\" data-caption-desc=\"Sublimation de dessin d&#039;enfant. Peinture \u00e0 l&#039;huile sur toile\" data-attachment-id=\"381\" class=\"fg-thumb\" data-rel=\"lightbox-image-2\" data-rl_title=\"\" data-rl_caption=\"\" title=\"\"><span class=\"fg-image-wrap\"><img decoding=\"async\" alt=\"Sublimation de dessin d&#039;enfant. Peinture \u00e0 l&#039;huile sur toile\" width=\"200\" height=\"200\" class=\"skip-lazy fg-image\" data-src-fg=\"https:\/\/isabelleseckinger.fr\/wp-content\/uploads\/cache\/2018\/05\/dessinenfant\/69260059.jpg\" src=\"data:image\/svg+xml,%3Csvg%20xmlns%3D%22http%3A%2F%2Fwww.w3.org%2F2000%2Fsvg%22%20width%3D%22200%22%20height%3D%22200%22%20viewBox%3D%220%200%20200%20200%22%3E%3C%2Fsvg%3E\" loading=\"eager\"><\/span><span class=\"fg-image-overlay\"><\/span><\/a><figcaption class=\"fg-caption\"><div class=\"fg-caption-inner\"><div class=\"fg-caption-desc\">Sublimation de dessin d&rsquo;enfant. Peinture \u00e0 l&rsquo;huile sur toile<\/div><\/div><\/figcaption><\/figure><div class=\"fg-loader\"><\/div><\/div><div class=\"fg-item fg-type-image fg-idle\"><figure class=\"fg-item-inner\"><a href=\"https:\/\/isabelleseckinger.fr\/wp-content\/uploads\/2018\/06\/colonel.jpg\" data-caption-desc=\"Peinture \u00e0 l&#039;huile. &quot;L&#039;Imp\u00e9ratrice d&#039;Exopotamie&quot; Illustration jeunesse\" data-attachment-id=\"100\" class=\"fg-thumb\" data-rel=\"lightbox-image-3\" data-rl_title=\"\" data-rl_caption=\"\" title=\"\"><span class=\"fg-image-wrap\"><img decoding=\"async\" alt=\"Peinture \u00e0 l&#039;huile. &quot;L&#039;Imp\u00e9ratrice d&#039;Exopotamie&quot; Illustration jeunesse\" width=\"200\" height=\"200\" class=\"skip-lazy fg-image\" data-src-fg=\"https:\/\/isabelleseckinger.fr\/wp-content\/uploads\/cache\/2018\/06\/colonel\/79609908.jpg\" src=\"data:image\/svg+xml,%3Csvg%20xmlns%3D%22http%3A%2F%2Fwww.w3.org%2F2000%2Fsvg%22%20width%3D%22200%22%20height%3D%22200%22%20viewBox%3D%220%200%20200%20200%22%3E%3C%2Fsvg%3E\" loading=\"eager\"><\/span><span class=\"fg-image-overlay\"><\/span><\/a><figcaption class=\"fg-caption\"><div class=\"fg-caption-inner\"><div class=\"fg-caption-desc\">Peinture \u00e0 l&rsquo;huile. \u00ab\u00a0L&rsquo;Imp\u00e9ratrice d&rsquo;Exopotamie\u00a0\u00bb Illustration jeunesse<\/div><\/div><\/figcaption><\/figure><div class=\"fg-loader\"><\/div><\/div><div class=\"fg-item fg-type-image fg-idle\"><figure class=\"fg-item-inner\"><a href=\"https:\/\/isabelleseckinger.fr\/wp-content\/uploads\/2018\/05\/croquis-poup\u00e9e.jpg\" data-caption-desc=\"Croquis. aquarelle, crayon\" data-attachment-id=\"81\" class=\"fg-thumb\" data-rel=\"lightbox-image-4\" data-rl_title=\"\" data-rl_caption=\"\" title=\"\"><span class=\"fg-image-wrap\"><img decoding=\"async\" alt=\"Croquis. aquarelle, crayon\" width=\"200\" height=\"200\" class=\"skip-lazy fg-image\" data-src-fg=\"https:\/\/isabelleseckinger.fr\/wp-content\/uploads\/cache\/2018\/05\/croquis-poup\u00e9e\/-51970433.jpg\" src=\"data:image\/svg+xml,%3Csvg%20xmlns%3D%22http%3A%2F%2Fwww.w3.org%2F2000%2Fsvg%22%20width%3D%22200%22%20height%3D%22200%22%20viewBox%3D%220%200%20200%20200%22%3E%3C%2Fsvg%3E\" loading=\"eager\"><\/span><span class=\"fg-image-overlay\"><\/span><\/a><figcaption class=\"fg-caption\"><div class=\"fg-caption-inner\"><div class=\"fg-caption-desc\">Croquis. aquarelle, crayon<\/div><\/div><\/figcaption><\/figure><div class=\"fg-loader\"><\/div><\/div><div class=\"fg-item fg-type-image fg-idle\"><figure class=\"fg-item-inner\"><a href=\"https:\/\/isabelleseckinger.fr\/wp-content\/uploads\/2018\/06\/tibonom.jpg\" data-caption-desc=\"Croquis\" data-attachment-id=\"103\" class=\"fg-thumb\" data-rel=\"lightbox-image-5\" data-rl_title=\"\" data-rl_caption=\"\" title=\"\"><span class=\"fg-image-wrap\"><img decoding=\"async\" alt=\"Croquis\" width=\"200\" height=\"200\" class=\"skip-lazy fg-image\" data-src-fg=\"https:\/\/isabelleseckinger.fr\/wp-content\/uploads\/cache\/2018\/06\/tibonom\/1321256899.jpg\" src=\"data:image\/svg+xml,%3Csvg%20xmlns%3D%22http%3A%2F%2Fwww.w3.org%2F2000%2Fsvg%22%20width%3D%22200%22%20height%3D%22200%22%20viewBox%3D%220%200%20200%20200%22%3E%3C%2Fsvg%3E\" loading=\"eager\"><\/span><span class=\"fg-image-overlay\"><\/span><\/a><figcaption class=\"fg-caption\"><div class=\"fg-caption-inner\"><div class=\"fg-caption-desc\">Croquis<\/div><\/div><\/figcaption><\/figure><div class=\"fg-loader\"><\/div><\/div><div class=\"fg-item fg-type-image fg-idle\"><figure class=\"fg-item-inner\"><a href=\"https:\/\/isabelleseckinger.fr\/wp-content\/uploads\/2018\/05\/dame2coeur.jpg\" data-caption-desc=\"Peinture \u00e0 l&#039;huile et collage.&quot; L&#039;Imp\u00e9ratice d&#039;Exopotamie&quot; Illustration jeunesse\" data-attachment-id=\"380\" class=\"fg-thumb\" data-rel=\"lightbox-image-6\" data-rl_title=\"\" data-rl_caption=\"\" title=\"\"><span class=\"fg-image-wrap\"><img decoding=\"async\" alt=\"Peinture \u00e0 l&#039;huile et collage.&quot; L&#039;Imp\u00e9ratice d&#039;Exopotamie&quot; Illustration jeunesse\" width=\"200\" height=\"200\" class=\"skip-lazy fg-image\" data-src-fg=\"https:\/\/isabelleseckinger.fr\/wp-content\/uploads\/cache\/2018\/05\/dame2coeur\/1256101448.jpg\" src=\"data:image\/svg+xml,%3Csvg%20xmlns%3D%22http%3A%2F%2Fwww.w3.org%2F2000%2Fsvg%22%20width%3D%22200%22%20height%3D%22200%22%20viewBox%3D%220%200%20200%20200%22%3E%3C%2Fsvg%3E\" loading=\"eager\"><\/span><span class=\"fg-image-overlay\"><\/span><\/a><figcaption class=\"fg-caption\"><div class=\"fg-caption-inner\"><div class=\"fg-caption-desc\">Peinture \u00e0 l&rsquo;huile et collage.\u00a0\u00bb L&rsquo;Imp\u00e9ratice d&rsquo;Exopotamie\u00a0\u00bb Illustration jeunesse<\/div><\/div><\/figcaption><\/figure><div class=\"fg-loader\"><\/div><\/div><div class=\"fg-item fg-type-image fg-idle\"><figure class=\"fg-item-inner\"><a href=\"https:\/\/isabelleseckinger.fr\/wp-content\/uploads\/2018\/05\/morghrat.jpg\" data-caption-desc=\"Peinture \u00e0 l&#039;huile &quot;l&#039;Ogre Morghrat&quot; illustration jeunesse\" data-attachment-id=\"382\" class=\"fg-thumb\" data-rel=\"lightbox-image-7\" data-rl_title=\"\" data-rl_caption=\"\" title=\"\"><span class=\"fg-image-wrap\"><img decoding=\"async\" alt=\"Peinture \u00e0 l&#039;huile &quot;l&#039;Ogre Morghrat&quot; illustration jeunesse\" width=\"200\" height=\"200\" class=\"skip-lazy fg-image\" data-src-fg=\"https:\/\/isabelleseckinger.fr\/wp-content\/uploads\/cache\/2018\/05\/morghrat\/-765047733.jpg\" src=\"data:image\/svg+xml,%3Csvg%20xmlns%3D%22http%3A%2F%2Fwww.w3.org%2F2000%2Fsvg%22%20width%3D%22200%22%20height%3D%22200%22%20viewBox%3D%220%200%20200%20200%22%3E%3C%2Fsvg%3E\" loading=\"eager\"><\/span><span class=\"fg-image-overlay\"><\/span><\/a><figcaption class=\"fg-caption\"><div class=\"fg-caption-inner\"><div class=\"fg-caption-desc\">Peinture \u00e0 l&rsquo;huile \u00ab\u00a0l&rsquo;Ogre Morghrat\u00a0\u00bb illustration jeunesse<\/div><\/div><\/figcaption><\/figure><div class=\"fg-loader\"><\/div><\/div><div class=\"fg-item fg-type-image fg-idle\"><figure class=\"fg-item-inner\"><a href=\"https:\/\/isabelleseckinger.fr\/wp-content\/uploads\/2018\/05\/Nenette.jpg\" data-caption-desc=\"Cr\u00e9ation de visuel \u00e0 destination d&#039;un sac de trottinette enfant\" data-attachment-id=\"386\" class=\"fg-thumb\" data-rel=\"lightbox-image-8\" data-rl_title=\"\" data-rl_caption=\"\" title=\"\"><span class=\"fg-image-wrap\"><img decoding=\"async\" alt=\"Cr\u00e9ation de visuel \u00e0 destination d&#039;un sac de trottinette enfant\" width=\"200\" height=\"200\" class=\"skip-lazy fg-image\" data-src-fg=\"https:\/\/isabelleseckinger.fr\/wp-content\/uploads\/cache\/2018\/05\/Nenette\/-1472330829.jpg\" src=\"data:image\/svg+xml,%3Csvg%20xmlns%3D%22http%3A%2F%2Fwww.w3.org%2F2000%2Fsvg%22%20width%3D%22200%22%20height%3D%22200%22%20viewBox%3D%220%200%20200%20200%22%3E%3C%2Fsvg%3E\" loading=\"eager\"><\/span><span class=\"fg-image-overlay\"><\/span><\/a><figcaption class=\"fg-caption\"><div class=\"fg-caption-inner\"><div class=\"fg-caption-desc\">Cr\u00e9ation de visuel \u00e0 destination d&rsquo;un sac de trottinette enfant<\/div><\/div><\/figcaption><\/figure><div class=\"fg-loader\"><\/div><\/div><\/div>\r\n\t\t\t\t\t<\/div>\n\t\t\t\t\t\t<\/div>\n\t\t\t\t<\/div>\n\t\t\t\t\t\t<\/div>\n\t\t\t\t\t<\/div>\n\t\t<\/div>\n\t\t\t\t\t\t\t\t<\/div>\n\t\t\t\t\t<\/div>\n\t\t<\/section>\n\t\t\t\t<section class=\"elementor-section elementor-top-section elementor-element elementor-element-52f96fa elementor-section-boxed elementor-section-height-default elementor-section-height-default\" data-id=\"52f96fa\" data-element_type=\"section\">\n\t\t\t\t\t\t<div class=\"elementor-container elementor-column-gap-default\">\n\t\t\t\t\t\t\t<div class=\"elementor-row\">\n\t\t\t\t\t<div class=\"elementor-column elementor-col-100 elementor-top-column elementor-element elementor-element-b676690\" data-id=\"b676690\" data-element_type=\"column\">\n\t\t\t<div class=\"elementor-column-wrap elementor-element-populated\">\n\t\t\t\t\t\t\t<div class=\"elementor-widget-wrap\">\n\t\t\t\t\t\t<div class=\"elementor-element elementor-element-e437e76 elementor-widget elementor-widget-text-editor\" data-id=\"e437e76\" data-element_type=\"widget\" data-widget_type=\"text-editor.default\">\n\t\t\t\t<div class=\"elementor-widget-container\">\n\t\t\t\t\t\t\t\t<div class=\"elementor-text-editor elementor-clearfix\">\n\t\t\t\t<p>Cr\u00e9ation d&rsquo;illustrations en collaboration avec Xavier A. Eginard, \u00e9crivain jeunesse.<\/p><p><em>L&rsquo;Imp\u00e9ratrice d&rsquo;Exopotamie.<\/em><\/p>\t\t\t\t\t<\/div>\n\t\t\t\t\t\t<\/div>\n\t\t\t\t<\/div>\n\t\t\t\t\t\t<\/div>\n\t\t\t\t\t<\/div>\n\t\t<\/div>\n\t\t\t\t\t\t\t\t<\/div>\n\t\t\t\t\t<\/div>\n\t\t<\/section>\n\t\t\t\t\t\t\t\t\t<\/div>\n\t\t\t<\/div>\n\t\t\t\t\t<\/div>\n\t\t","protected":false},"excerpt":{"rendered":"<p>ILLUSTRATION Cr\u00e9ation d&rsquo;illustrations en collaboration avec Xavier A. Eginard, \u00e9crivain jeunesse. L&rsquo;Imp\u00e9ratrice d&rsquo;Exopotamie.<\/p>\n","protected":false},"author":1,"featured_media":0,"parent":307,"menu_order":1,"comment_status":"closed","ping_status":"closed","template":"elementor_header_footer","meta":{"footnotes":""},"_links":{"self":[{"href":"https:\/\/isabelleseckinger.fr\/index.php\/wp-json\/wp\/v2\/pages\/45"}],"collection":[{"href":"https:\/\/isabelleseckinger.fr\/index.php\/wp-json\/wp\/v2\/pages"}],"about":[{"href":"https:\/\/isabelleseckinger.fr\/index.php\/wp-json\/wp\/v2\/types\/page"}],"author":[{"embeddable":true,"href":"https:\/\/isabelleseckinger.fr\/index.php\/wp-json\/wp\/v2\/users\/1"}],"replies":[{"embeddable":true,"href":"https:\/\/isabelleseckinger.fr\/index.php\/wp-json\/wp\/v2\/comments?post=45"}],"version-history":[{"count":19,"href":"https:\/\/isabelleseckinger.fr\/index.php\/wp-json\/wp\/v2\/pages\/45\/revisions"}],"predecessor-version":[{"id":573,"href":"https:\/\/isabelleseckinger.fr\/index.php\/wp-json\/wp\/v2\/pages\/45\/revisions\/573"}],"up":[{"embeddable":true,"href":"https:\/\/isabelleseckinger.fr\/index.php\/wp-json\/wp\/v2\/pages\/307"}],"wp:attachment":[{"href":"https:\/\/isabelleseckinger.fr\/index.php\/wp-json\/wp\/v2\/media?parent=45"}],"curies":[{"name":"wp","href":"https:\/\/api.w.org\/{rel}","templated":true}]}}