{"id":4,"date":"2018-05-31T11:07:59","date_gmt":"2018-05-31T09:07:59","guid":{"rendered":"http:\/\/isabelleseckinger.fr\/?page_id=4"},"modified":"2019-09-16T09:42:10","modified_gmt":"2019-09-16T07:42:10","slug":"creation-de-visuels","status":"publish","type":"page","link":"https:\/\/isabelleseckinger.fr\/index.php\/portfolio\/creation-de-visuels\/","title":{"rendered":"Cr\u00e9ation de visuels"},"content":{"rendered":"\t\t<div data-elementor-type=\"wp-post\" data-elementor-id=\"4\" class=\"elementor elementor-4\">\n\t\t\t\t\t\t<div class=\"elementor-inner\">\n\t\t\t\t<div class=\"elementor-section-wrap\">\n\t\t\t\t\t\t\t\t\t<section class=\"elementor-section elementor-top-section elementor-element elementor-element-917a62e elementor-section-boxed elementor-section-height-default elementor-section-height-default\" data-id=\"917a62e\" data-element_type=\"section\">\n\t\t\t\t\t\t<div class=\"elementor-container elementor-column-gap-default\">\n\t\t\t\t\t\t\t<div class=\"elementor-row\">\n\t\t\t\t\t<div class=\"elementor-column elementor-col-66 elementor-top-column elementor-element elementor-element-620bd4a\" data-id=\"620bd4a\" data-element_type=\"column\">\n\t\t\t<div class=\"elementor-column-wrap elementor-element-populated\">\n\t\t\t\t\t\t\t<div class=\"elementor-widget-wrap\">\n\t\t\t\t\t\t<div class=\"elementor-element elementor-element-dbd4ce7 elementor-widget elementor-widget-heading\" data-id=\"dbd4ce7\" data-element_type=\"widget\" data-widget_type=\"heading.default\">\n\t\t\t\t<div class=\"elementor-widget-container\">\n\t\t\t<h2 class=\"elementor-heading-title elementor-size-xxl\">CR\u00c9ATION DE VISUELS<\/h2>\t\t<\/div>\n\t\t\t\t<\/div>\n\t\t\t\t\t\t<\/div>\n\t\t\t\t\t<\/div>\n\t\t<\/div>\n\t\t\t\t<div class=\"elementor-column elementor-col-33 elementor-top-column elementor-element elementor-element-79b600e\" data-id=\"79b600e\" data-element_type=\"column\">\n\t\t\t<div class=\"elementor-column-wrap elementor-element-populated\">\n\t\t\t\t\t\t\t<div class=\"elementor-widget-wrap\">\n\t\t\t\t\t\t<div class=\"elementor-element elementor-element-461ff2a elementor-hidden-phone elementor-widget elementor-widget-image\" data-id=\"461ff2a\" data-element_type=\"widget\" data-widget_type=\"image.default\">\n\t\t\t\t<div class=\"elementor-widget-container\">\n\t\t\t\t\t\t\t\t<div class=\"elementor-image\">\n\t\t\t\t\t\t\t\t\t\t\t\t<img loading=\"lazy\" decoding=\"async\" width=\"600\" height=\"728\" src=\"https:\/\/isabelleseckinger.fr\/wp-content\/uploads\/2018\/06\/Capture6.png\" class=\"elementor-animation-hang attachment-large size-large\" alt=\"\" srcset=\"https:\/\/isabelleseckinger.fr\/wp-content\/uploads\/2018\/06\/Capture6.png 600w, https:\/\/isabelleseckinger.fr\/wp-content\/uploads\/2018\/06\/Capture6-247x300.png 247w\" sizes=\"(max-width: 600px) 100vw, 600px\" \/>\t\t\t\t\t\t\t\t\t\t\t\t\t\t<\/div>\n\t\t\t\t\t\t<\/div>\n\t\t\t\t<\/div>\n\t\t\t\t\t\t<\/div>\n\t\t\t\t\t<\/div>\n\t\t<\/div>\n\t\t\t\t\t\t\t\t<\/div>\n\t\t\t\t\t<\/div>\n\t\t<\/section>\n\t\t\t\t<section class=\"elementor-section elementor-top-section elementor-element elementor-element-d1fc60e elementor-section-boxed elementor-section-height-default elementor-section-height-default\" data-id=\"d1fc60e\" data-element_type=\"section\">\n\t\t\t\t\t\t<div class=\"elementor-container elementor-column-gap-default\">\n\t\t\t\t\t\t\t<div class=\"elementor-row\">\n\t\t\t\t\t<div class=\"elementor-column elementor-col-100 elementor-top-column elementor-element elementor-element-51878cc\" data-id=\"51878cc\" data-element_type=\"column\">\n\t\t\t<div class=\"elementor-column-wrap elementor-element-populated\">\n\t\t\t\t\t\t\t<div class=\"elementor-widget-wrap\">\n\t\t\t\t\t\t<div class=\"elementor-element elementor-element-1845501 elementor-invisible elementor-widget elementor-widget-shortcode\" data-id=\"1845501\" data-element_type=\"widget\" data-settings=\"{&quot;_animation&quot;:&quot;zoomIn&quot;}\" data-widget_type=\"shortcode.default\">\n\t\t\t\t<div class=\"elementor-widget-container\">\n\t\t\t\t\t<div class=\"elementor-shortcode\">\t\t\t<style>\r\n                #foogallery-gallery-115.fg-masonry .fg-item {\r\n                    width: 400px;\r\n                    margin-right: 30px;\r\n                    margin-bottom: 30px;\r\n                }\r\n\t\t\t<\/style>\r\n\t\t\t<div class=\"foogallery foogallery-container foogallery-masonry foogallery-lightbox-foobox fg-center fg-masonry fg-light fg-shadow-large fg-shadow-inset-large fg-loading-trail fg-loaded-fade-in fg-caption-hover fg-hover-push fg-ready fg-fixed\" id=\"foogallery-gallery-115\" data-foogallery=\"{&quot;item&quot;:{&quot;showCaptionTitle&quot;:false,&quot;showCaptionDescription&quot;:true},&quot;lazy&quot;:true,&quot;template&quot;:{&quot;columnWidth&quot;:400,&quot;gutter&quot;:30}}\" >\r\n\t\t<div class=\"fg-item fg-type-image fg-idle\"><figure class=\"fg-item-inner\"><a href=\"https:\/\/isabelleseckinger.fr\/wp-content\/uploads\/2018\/06\/camelgalerie-e1528620233127.png\" data-caption-desc=\"Montage et cr\u00e9ation de visuel sur Photoshop et AfterEffect\" data-attachment-id=\"387\" class=\"fg-thumb\" data-rel=\"lightbox-image-0\" data-rl_title=\"\" data-rl_caption=\"\" title=\"\"><span class=\"fg-image-wrap\"><img fetchpriority=\"high\" decoding=\"async\" alt=\"Montage et cr\u00e9ation de visuel sur Photoshop et AfterEffect\" width=\"400\" height=\"386\" class=\"skip-lazy fg-image\" data-src-fg=\"https:\/\/isabelleseckinger.fr\/wp-content\/uploads\/cache\/2018\/06\/camelgalerie-e1528620233127\/244110044.png\" src=\"data:image\/svg+xml,%3Csvg%20xmlns%3D%22http%3A%2F%2Fwww.w3.org%2F2000%2Fsvg%22%20width%3D%22400%22%20height%3D%22386%22%20viewBox%3D%220%200%20400%20386%22%3E%3C%2Fsvg%3E\" loading=\"eager\"><\/span><span class=\"fg-image-overlay\"><\/span><\/a><figcaption class=\"fg-caption\"><div class=\"fg-caption-inner\"><div class=\"fg-caption-desc\">Montage et cr\u00e9ation de visuel sur Photoshop et AfterEffect<\/div><\/div><\/figcaption><\/figure><div class=\"fg-loader\"><\/div><\/div><div class=\"fg-item fg-type-image fg-idle\"><figure class=\"fg-item-inner\"><a href=\"https:\/\/isabelleseckinger.fr\/wp-content\/uploads\/2018\/06\/afficheTapisRouge.jpg\" data-caption-desc=\"affiche \u00e9v\u00e9nement Tapis Rouge 2019\" data-attachment-id=\"578\" class=\"fg-thumb\" data-rel=\"lightbox-image-1\" data-rl_title=\"\" data-rl_caption=\"\" title=\"\"><span class=\"fg-image-wrap\"><img decoding=\"async\" alt=\"affiche \u00e9v\u00e9nement Tapis Rouge 2019\" width=\"400\" height=\"566\" class=\"skip-lazy fg-image\" data-src-fg=\"https:\/\/isabelleseckinger.fr\/wp-content\/uploads\/cache\/2018\/06\/afficheTapisRouge\/-833760005.jpg\" src=\"data:image\/svg+xml,%3Csvg%20xmlns%3D%22http%3A%2F%2Fwww.w3.org%2F2000%2Fsvg%22%20width%3D%22400%22%20height%3D%22566%22%20viewBox%3D%220%200%20400%20566%22%3E%3C%2Fsvg%3E\" loading=\"eager\"><\/span><span class=\"fg-image-overlay\"><\/span><\/a><figcaption class=\"fg-caption\"><div class=\"fg-caption-inner\"><div class=\"fg-caption-desc\">affiche \u00e9v\u00e9nement Tapis Rouge 2019<\/div><\/div><\/figcaption><\/figure><div class=\"fg-loader\"><\/div><\/div><div class=\"fg-item fg-type-image fg-idle\"><figure class=\"fg-item-inner\"><a href=\"https:\/\/isabelleseckinger.fr\/wp-content\/uploads\/2018\/06\/fish.jpg\" data-caption-desc=\"Dessin au crayon graphite, montage Photoshop\" data-attachment-id=\"438\" class=\"fg-thumb\" data-rel=\"lightbox-image-2\" data-rl_title=\"\" data-rl_caption=\"\" title=\"\"><span class=\"fg-image-wrap\"><img decoding=\"async\" alt=\"Dessin au crayon graphite, montage Photoshop\" width=\"400\" height=\"345\" class=\"skip-lazy fg-image\" data-src-fg=\"https:\/\/isabelleseckinger.fr\/wp-content\/uploads\/cache\/2018\/06\/fish\/908137658.jpg\" src=\"data:image\/svg+xml,%3Csvg%20xmlns%3D%22http%3A%2F%2Fwww.w3.org%2F2000%2Fsvg%22%20width%3D%22400%22%20height%3D%22345%22%20viewBox%3D%220%200%20400%20345%22%3E%3C%2Fsvg%3E\" loading=\"eager\"><\/span><span class=\"fg-image-overlay\"><\/span><\/a><figcaption class=\"fg-caption\"><div class=\"fg-caption-inner\"><div class=\"fg-caption-desc\">Dessin au crayon graphite, montage Photoshop<\/div><\/div><\/figcaption><\/figure><div class=\"fg-loader\"><\/div><\/div><div class=\"fg-item fg-type-image fg-idle\"><figure class=\"fg-item-inner\"><a href=\"https:\/\/isabelleseckinger.fr\/wp-content\/uploads\/2018\/06\/sa\u00e7a2-1.jpg\" data-caption-desc=\"Cr\u00e9ation de mat\u00e9riel p\u00e9dagogique. Visuel Illustrator\" data-attachment-id=\"122\" class=\"fg-thumb\" data-rel=\"lightbox-image-3\" data-rl_title=\"\" data-rl_caption=\"\" title=\"\"><span class=\"fg-image-wrap\"><img decoding=\"async\" alt=\"Cr\u00e9ation de mat\u00e9riel p\u00e9dagogique. Visuel Illustrator\" width=\"400\" height=\"252\" class=\"skip-lazy fg-image\" data-src-fg=\"https:\/\/isabelleseckinger.fr\/wp-content\/uploads\/cache\/2018\/06\/sa\u00e7a2-1\/-1183773934.jpg\" src=\"data:image\/svg+xml,%3Csvg%20xmlns%3D%22http%3A%2F%2Fwww.w3.org%2F2000%2Fsvg%22%20width%3D%22400%22%20height%3D%22252%22%20viewBox%3D%220%200%20400%20252%22%3E%3C%2Fsvg%3E\" loading=\"eager\"><\/span><span class=\"fg-image-overlay\"><\/span><\/a><figcaption class=\"fg-caption\"><div class=\"fg-caption-inner\"><div class=\"fg-caption-desc\">Cr\u00e9ation de mat\u00e9riel p\u00e9dagogique. Visuel Illustrator<\/div><\/div><\/figcaption><\/figure><div class=\"fg-loader\"><\/div><\/div><div class=\"fg-item fg-type-image fg-idle\"><figure class=\"fg-item-inner\"><a href=\"https:\/\/isabelleseckinger.fr\/wp-content\/uploads\/2018\/06\/feuillesbleue.png\" data-caption-desc=\"Cr\u00e9ation de visuel. Photoshop\" data-attachment-id=\"118\" class=\"fg-thumb\" data-rel=\"lightbox-image-4\" data-rl_title=\"\" data-rl_caption=\"\" title=\"\"><span class=\"fg-image-wrap\"><img decoding=\"async\" alt=\"Cr\u00e9ation de visuel. Photoshop\" width=\"400\" height=\"560\" class=\"skip-lazy fg-image\" data-src-fg=\"https:\/\/isabelleseckinger.fr\/wp-content\/uploads\/cache\/2018\/06\/feuillesbleue\/845184825.png\" src=\"data:image\/svg+xml,%3Csvg%20xmlns%3D%22http%3A%2F%2Fwww.w3.org%2F2000%2Fsvg%22%20width%3D%22400%22%20height%3D%22560%22%20viewBox%3D%220%200%20400%20560%22%3E%3C%2Fsvg%3E\" loading=\"eager\"><\/span><span class=\"fg-image-overlay\"><\/span><\/a><figcaption class=\"fg-caption\"><div class=\"fg-caption-inner\"><div class=\"fg-caption-desc\">Cr\u00e9ation de visuel. Photoshop<\/div><\/div><\/figcaption><\/figure><div class=\"fg-loader\"><\/div><\/div><div class=\"fg-item fg-type-image fg-idle\"><figure class=\"fg-item-inner\"><a href=\"https:\/\/isabelleseckinger.fr\/wp-content\/uploads\/2018\/06\/crossover.gif\" data-caption-desc=\"D\u00e9tournement d&#039;image : La le\u00e7on d&#039;anatomie du docteur Tulp de Rembrandt\" data-attachment-id=\"516\" class=\"fg-thumb\" data-rel=\"lightbox-image-5\" data-rl_title=\"\" data-rl_caption=\"\" title=\"\"><span class=\"fg-image-wrap\"><img decoding=\"async\" alt=\"D\u00e9tournement d&#039;image : La le\u00e7on d&#039;anatomie du docteur Tulp de Rembrandt\" width=\"400\" height=\"301\" class=\"skip-lazy fg-image\" data-src-fg=\"https:\/\/isabelleseckinger.fr\/wp-content\/uploads\/cache\/2018\/06\/crossover\/240199951.png\" src=\"data:image\/svg+xml,%3Csvg%20xmlns%3D%22http%3A%2F%2Fwww.w3.org%2F2000%2Fsvg%22%20width%3D%22400%22%20height%3D%22301%22%20viewBox%3D%220%200%20400%20301%22%3E%3C%2Fsvg%3E\" loading=\"eager\"><\/span><span class=\"fg-image-overlay\"><\/span><\/a><figcaption class=\"fg-caption\"><div class=\"fg-caption-inner\"><div class=\"fg-caption-desc\">D\u00e9tournement d'image : La le\u00e7on d'anatomie du docteur Tulp de Rembrandt<\/div><\/div><\/figcaption><\/figure><div class=\"fg-loader\"><\/div><\/div><div class=\"fg-item fg-type-image fg-idle\"><figure class=\"fg-item-inner\"><a href=\"https:\/\/isabelleseckinger.fr\/wp-content\/uploads\/2018\/06\/affiche-data.jpg\" data-caption-desc=\"affiche en data-vision (affiche institutionnelle illettrisme)\" data-attachment-id=\"502\" class=\"fg-thumb\" data-rel=\"lightbox-image-6\" data-rl_title=\"\" data-rl_caption=\"\" title=\"\"><span class=\"fg-image-wrap\"><img decoding=\"async\" alt=\"affiche en data-vision (affiche institutionnelle illettrisme)\" width=\"400\" height=\"566\" class=\"skip-lazy fg-image\" data-src-fg=\"https:\/\/isabelleseckinger.fr\/wp-content\/uploads\/cache\/2018\/06\/affiche-data\/-557237507.jpg\" src=\"data:image\/svg+xml,%3Csvg%20xmlns%3D%22http%3A%2F%2Fwww.w3.org%2F2000%2Fsvg%22%20width%3D%22400%22%20height%3D%22566%22%20viewBox%3D%220%200%20400%20566%22%3E%3C%2Fsvg%3E\" loading=\"eager\"><\/span><span class=\"fg-image-overlay\"><\/span><\/a><figcaption class=\"fg-caption\"><div class=\"fg-caption-inner\"><div class=\"fg-caption-desc\">affiche en data-vision (affiche institutionnelle illettrisme)<\/div><\/div><\/figcaption><\/figure><div class=\"fg-loader\"><\/div><\/div><div class=\"fg-item fg-type-image fg-idle\"><figure class=\"fg-item-inner\"><a href=\"https:\/\/isabelleseckinger.fr\/wp-content\/uploads\/2018\/06\/colibri-2.jpg\" data-caption-desc=\"Cr\u00e9ation de visuel. Photoshop\" data-attachment-id=\"124\" class=\"fg-thumb\" data-rel=\"lightbox-image-7\" data-rl_title=\"\" data-rl_caption=\"\" title=\"\"><span class=\"fg-image-wrap\"><img decoding=\"async\" alt=\"Cr\u00e9ation de visuel. Photoshop\" width=\"400\" height=\"400\" class=\"skip-lazy fg-image\" data-src-fg=\"https:\/\/isabelleseckinger.fr\/wp-content\/uploads\/2018\/06\/colibri-2.jpg\" src=\"data:image\/svg+xml,%3Csvg%20xmlns%3D%22http%3A%2F%2Fwww.w3.org%2F2000%2Fsvg%22%20width%3D%22400%22%20height%3D%22400%22%20viewBox%3D%220%200%20400%20400%22%3E%3C%2Fsvg%3E\" loading=\"eager\"><\/span><span class=\"fg-image-overlay\"><\/span><\/a><figcaption class=\"fg-caption\"><div class=\"fg-caption-inner\"><div class=\"fg-caption-desc\">Cr\u00e9ation de visuel. Photoshop<\/div><\/div><\/figcaption><\/figure><div class=\"fg-loader\"><\/div><\/div><div class=\"fg-item fg-type-image fg-idle\"><figure class=\"fg-item-inner\"><a href=\"https:\/\/isabelleseckinger.fr\/wp-content\/uploads\/2018\/06\/mobylette.jpg\" data-caption-desc=\"Affiche promotionnelle vintage\" data-attachment-id=\"116\" class=\"fg-thumb\" data-rel=\"lightbox-image-8\" data-rl_title=\"\" data-rl_caption=\"\" title=\"\"><span class=\"fg-image-wrap\"><img decoding=\"async\" alt=\"Affiche promotionnelle vintage\" width=\"400\" height=\"463\" class=\"skip-lazy fg-image\" data-src-fg=\"https:\/\/isabelleseckinger.fr\/wp-content\/uploads\/cache\/2018\/06\/mobylette\/1099870858.jpg\" src=\"data:image\/svg+xml,%3Csvg%20xmlns%3D%22http%3A%2F%2Fwww.w3.org%2F2000%2Fsvg%22%20width%3D%22400%22%20height%3D%22463%22%20viewBox%3D%220%200%20400%20463%22%3E%3C%2Fsvg%3E\" loading=\"eager\"><\/span><span class=\"fg-image-overlay\"><\/span><\/a><figcaption class=\"fg-caption\"><div class=\"fg-caption-inner\"><div class=\"fg-caption-desc\">Affiche promotionnelle vintage<\/div><\/div><\/figcaption><\/figure><div class=\"fg-loader\"><\/div><\/div><div class=\"fg-item fg-type-image fg-idle\"><figure class=\"fg-item-inner\"><a href=\"https:\/\/isabelleseckinger.fr\/wp-content\/uploads\/2018\/06\/madone.jpg\" data-caption-desc=\"Travail au crayon, filtre Photoshop\" data-attachment-id=\"388\" class=\"fg-thumb\" data-rel=\"lightbox-image-9\" data-rl_title=\"\" data-rl_caption=\"\" title=\"\"><span class=\"fg-image-wrap\"><img decoding=\"async\" alt=\"Travail au crayon, filtre Photoshop\" width=\"400\" height=\"682\" class=\"skip-lazy fg-image\" data-src-fg=\"https:\/\/isabelleseckinger.fr\/wp-content\/uploads\/cache\/2018\/06\/madone\/-728721125.jpg\" src=\"data:image\/svg+xml,%3Csvg%20xmlns%3D%22http%3A%2F%2Fwww.w3.org%2F2000%2Fsvg%22%20width%3D%22400%22%20height%3D%22682%22%20viewBox%3D%220%200%20400%20682%22%3E%3C%2Fsvg%3E\" loading=\"eager\"><\/span><span class=\"fg-image-overlay\"><\/span><\/a><figcaption class=\"fg-caption\"><div class=\"fg-caption-inner\"><div class=\"fg-caption-desc\">Travail au crayon, filtre Photoshop<\/div><\/div><\/figcaption><\/figure><div class=\"fg-loader\"><\/div><\/div><div class=\"fg-item fg-type-image fg-idle\"><figure class=\"fg-item-inner\"><a href=\"https:\/\/isabelleseckinger.fr\/wp-content\/uploads\/2018\/06\/afficheANCLI.jpg\" data-caption-desc=\"affiche institutionnelle ANCLI\" data-attachment-id=\"622\" class=\"fg-thumb\" data-rel=\"lightbox-image-10\" data-rl_title=\"\" data-rl_caption=\"\" title=\"\"><span class=\"fg-image-wrap\"><img decoding=\"async\" alt=\"affiche institutionnelle ANCLI\" width=\"400\" height=\"566\" class=\"skip-lazy fg-image\" data-src-fg=\"https:\/\/isabelleseckinger.fr\/wp-content\/uploads\/cache\/2018\/06\/afficheANCLI\/-1857964227.jpg\" src=\"data:image\/svg+xml,%3Csvg%20xmlns%3D%22http%3A%2F%2Fwww.w3.org%2F2000%2Fsvg%22%20width%3D%22400%22%20height%3D%22566%22%20viewBox%3D%220%200%20400%20566%22%3E%3C%2Fsvg%3E\" loading=\"eager\"><\/span><span class=\"fg-image-overlay\"><\/span><\/a><figcaption class=\"fg-caption\"><div class=\"fg-caption-inner\"><div class=\"fg-caption-desc\">affiche institutionnelle ANCLI<\/div><\/div><\/figcaption><\/figure><div class=\"fg-loader\"><\/div><\/div><\/div><\/div>\n\t\t\t\t<\/div>\n\t\t\t\t<\/div>\n\t\t\t\t\t\t<\/div>\n\t\t\t\t\t<\/div>\n\t\t<\/div>\n\t\t\t\t\t\t\t\t<\/div>\n\t\t\t\t\t<\/div>\n\t\t<\/section>\n\t\t\t\t<section class=\"elementor-section elementor-top-section elementor-element elementor-element-262e43d elementor-section-boxed elementor-section-height-default elementor-section-height-default\" data-id=\"262e43d\" data-element_type=\"section\">\n\t\t\t\t\t\t<div class=\"elementor-container elementor-column-gap-default\">\n\t\t\t\t\t\t\t<div class=\"elementor-row\">\n\t\t\t\t\t<div class=\"elementor-column elementor-col-100 elementor-top-column elementor-element elementor-element-3c5f9a7\" data-id=\"3c5f9a7\" data-element_type=\"column\">\n\t\t\t<div class=\"elementor-column-wrap\">\n\t\t\t\t\t\t\t<div class=\"elementor-widget-wrap\">\n\t\t\t\t\t\t\t\t<\/div>\n\t\t\t\t\t<\/div>\n\t\t<\/div>\n\t\t\t\t\t\t\t\t<\/div>\n\t\t\t\t\t<\/div>\n\t\t<\/section>\n\t\t\t\t\t\t\t\t\t<\/div>\n\t\t\t<\/div>\n\t\t\t\t\t<\/div>\n\t\t","protected":false},"excerpt":{"rendered":"<p>CR\u00c9ATION DE VISUELS<\/p>\n","protected":false},"author":1,"featured_media":0,"parent":307,"menu_order":0,"comment_status":"closed","ping_status":"closed","template":"elementor_header_footer","meta":{"footnotes":""},"_links":{"self":[{"href":"https:\/\/isabelleseckinger.fr\/index.php\/wp-json\/wp\/v2\/pages\/4"}],"collection":[{"href":"https:\/\/isabelleseckinger.fr\/index.php\/wp-json\/wp\/v2\/pages"}],"about":[{"href":"https:\/\/isabelleseckinger.fr\/index.php\/wp-json\/wp\/v2\/types\/page"}],"author":[{"embeddable":true,"href":"https:\/\/isabelleseckinger.fr\/index.php\/wp-json\/wp\/v2\/users\/1"}],"replies":[{"embeddable":true,"href":"https:\/\/isabelleseckinger.fr\/index.php\/wp-json\/wp\/v2\/comments?post=4"}],"version-history":[{"count":22,"href":"https:\/\/isabelleseckinger.fr\/index.php\/wp-json\/wp\/v2\/pages\/4\/revisions"}],"predecessor-version":[{"id":572,"href":"https:\/\/isabelleseckinger.fr\/index.php\/wp-json\/wp\/v2\/pages\/4\/revisions\/572"}],"up":[{"embeddable":true,"href":"https:\/\/isabelleseckinger.fr\/index.php\/wp-json\/wp\/v2\/pages\/307"}],"wp:attachment":[{"href":"https:\/\/isabelleseckinger.fr\/index.php\/wp-json\/wp\/v2\/media?parent=4"}],"curies":[{"name":"wp","href":"https:\/\/api.w.org\/{rel}","templated":true}]}}