{"id":395,"date":"2018-06-23T21:40:22","date_gmt":"2018-06-23T19:40:22","guid":{"rendered":"http:\/\/isabelleseckinger.fr\/?page_id=395"},"modified":"2019-09-17T15:20:05","modified_gmt":"2019-09-17T13:20:05","slug":"mentions-legales","status":"publish","type":"page","link":"https:\/\/isabelleseckinger.fr\/index.php\/mentions-legales\/","title":{"rendered":"Mentions l\u00e9gales"},"content":{"rendered":"\t\t<div data-elementor-type=\"wp-post\" data-elementor-id=\"395\" class=\"elementor elementor-395\">\n\t\t\t\t\t\t<div class=\"elementor-inner\">\n\t\t\t\t<div class=\"elementor-section-wrap\">\n\t\t\t\t\t\t\t\t\t<section class=\"elementor-section elementor-top-section elementor-element elementor-element-ebbbb46 elementor-section-boxed elementor-section-height-default elementor-section-height-default\" data-id=\"ebbbb46\" data-element_type=\"section\">\n\t\t\t\t\t\t<div class=\"elementor-container elementor-column-gap-default\">\n\t\t\t\t\t\t\t<div class=\"elementor-row\">\n\t\t\t\t\t<div class=\"elementor-column elementor-col-100 elementor-top-column elementor-element elementor-element-8035d3a\" data-id=\"8035d3a\" data-element_type=\"column\">\n\t\t\t<div class=\"elementor-column-wrap elementor-element-populated\">\n\t\t\t\t\t\t\t<div class=\"elementor-widget-wrap\">\n\t\t\t\t\t\t<div class=\"elementor-element elementor-element-bf1bc59 elementor-widget elementor-widget-heading\" data-id=\"bf1bc59\" data-element_type=\"widget\" data-widget_type=\"heading.default\">\n\t\t\t\t<div class=\"elementor-widget-container\">\n\t\t\t<h1 class=\"elementor-heading-title elementor-size-default\">MENTIONS L\u00c9GALES<\/h1>\t\t<\/div>\n\t\t\t\t<\/div>\n\t\t\t\t\t\t<\/div>\n\t\t\t\t\t<\/div>\n\t\t<\/div>\n\t\t\t\t\t\t\t\t<\/div>\n\t\t\t\t\t<\/div>\n\t\t<\/section>\n\t\t\t\t<section class=\"elementor-section elementor-top-section elementor-element elementor-element-2fe1085 elementor-section-boxed elementor-section-height-default elementor-section-height-default\" data-id=\"2fe1085\" data-element_type=\"section\">\n\t\t\t\t\t\t<div class=\"elementor-container elementor-column-gap-default\">\n\t\t\t\t\t\t\t<div class=\"elementor-row\">\n\t\t\t\t\t<div class=\"elementor-column elementor-col-50 elementor-top-column elementor-element elementor-element-bd12330\" data-id=\"bd12330\" data-element_type=\"column\">\n\t\t\t<div class=\"elementor-column-wrap elementor-element-populated\">\n\t\t\t\t\t\t\t<div class=\"elementor-widget-wrap\">\n\t\t\t\t\t\t<div class=\"elementor-element elementor-element-0fbb6c8 elementor-widget elementor-widget-image\" data-id=\"0fbb6c8\" data-element_type=\"widget\" data-widget_type=\"image.default\">\n\t\t\t\t<div class=\"elementor-widget-container\">\n\t\t\t\t\t\t\t\t<div class=\"elementor-image\">\n\t\t\t\t\t\t\t\t\t\t\t\t\t<a href=\"http:\/\/isabelleseckinger.fr\/\">\n\t\t\t\t\t\t\t<img decoding=\"async\" src=\"https:\/\/isabelleseckinger.fr\/wp-content\/uploads\/2018\/06\/logo-2-1.png\" title=\"logo 2\" alt=\"Proposition 2 : \u00e9tude d'initiales pour un logtype\" \/>\t\t\t\t\t\t\t\t<\/a>\n\t\t\t\t\t\t\t\t\t\t\t\t\t\t<\/div>\n\t\t\t\t\t\t<\/div>\n\t\t\t\t<\/div>\n\t\t\t\t\t\t<\/div>\n\t\t\t\t\t<\/div>\n\t\t<\/div>\n\t\t\t\t<div class=\"elementor-column elementor-col-50 elementor-top-column elementor-element elementor-element-2821769\" data-id=\"2821769\" data-element_type=\"column\">\n\t\t\t<div class=\"elementor-column-wrap elementor-element-populated\">\n\t\t\t\t\t\t\t<div class=\"elementor-widget-wrap\">\n\t\t\t\t\t\t<div class=\"elementor-element elementor-element-4c7888d elementor-hidden-phone elementor-widget elementor-widget-text-editor\" data-id=\"4c7888d\" data-element_type=\"widget\" data-widget_type=\"text-editor.default\">\n\t\t\t\t<div class=\"elementor-widget-container\">\n\t\t\t\t\t\t\t\t<div class=\"elementor-text-editor elementor-clearfix\">\n\t\t\t\t<p>Isabelle SECKINGER<\/p>\t\t\t\t\t<\/div>\n\t\t\t\t\t\t<\/div>\n\t\t\t\t<\/div>\n\t\t\t\t\t\t<\/div>\n\t\t\t\t\t<\/div>\n\t\t<\/div>\n\t\t\t\t\t\t\t\t<\/div>\n\t\t\t\t\t<\/div>\n\t\t<\/section>\n\t\t\t\t<section class=\"elementor-section elementor-top-section elementor-element elementor-element-29dcfcb elementor-section-boxed elementor-section-height-default elementor-section-height-default\" data-id=\"29dcfcb\" data-element_type=\"section\">\n\t\t\t\t\t\t<div class=\"elementor-container elementor-column-gap-default\">\n\t\t\t\t\t\t\t<div class=\"elementor-row\">\n\t\t\t\t\t<div class=\"elementor-column elementor-col-100 elementor-top-column elementor-element elementor-element-6c91140\" data-id=\"6c91140\" data-element_type=\"column\">\n\t\t\t<div class=\"elementor-column-wrap elementor-element-populated\">\n\t\t\t\t\t\t\t<div class=\"elementor-widget-wrap\">\n\t\t\t\t\t\t<div class=\"elementor-element elementor-element-91136aa elementor-widget elementor-widget-heading\" data-id=\"91136aa\" data-element_type=\"widget\" data-widget_type=\"heading.default\">\n\t\t\t\t<div class=\"elementor-widget-container\">\n\t\t\t<h2 class=\"elementor-heading-title elementor-size-default\">Informations \u00e9ditoriales<\/h2>\t\t<\/div>\n\t\t\t\t<\/div>\n\t\t\t\t\t\t<\/div>\n\t\t\t\t\t<\/div>\n\t\t<\/div>\n\t\t\t\t\t\t\t\t<\/div>\n\t\t\t\t\t<\/div>\n\t\t<\/section>\n\t\t\t\t<section class=\"elementor-section elementor-top-section elementor-element elementor-element-d042b02 elementor-section-boxed elementor-section-height-default elementor-section-height-default\" data-id=\"d042b02\" data-element_type=\"section\">\n\t\t\t\t\t\t<div class=\"elementor-container elementor-column-gap-default\">\n\t\t\t\t\t\t\t<div class=\"elementor-row\">\n\t\t\t\t\t<div class=\"elementor-column elementor-col-100 elementor-top-column elementor-element elementor-element-11432b6\" data-id=\"11432b6\" data-element_type=\"column\">\n\t\t\t<div class=\"elementor-column-wrap elementor-element-populated\">\n\t\t\t\t\t\t\t<div class=\"elementor-widget-wrap\">\n\t\t\t\t\t\t<div class=\"elementor-element elementor-element-f67c1c8 elementor-widget elementor-widget-text-editor\" data-id=\"f67c1c8\" data-element_type=\"widget\" data-widget_type=\"text-editor.default\">\n\t\t\t\t<div class=\"elementor-widget-container\">\n\t\t\t\t\t\t\t\t<div class=\"elementor-text-editor elementor-clearfix\">\n\t\t\t\t<p><strong>Site :<\/strong>\u00a0<a href=\"http:\/\/isabelleseckinger.fr\">isabelleseckinger.fr<\/a><\/p>\t\t\t\t\t<\/div>\n\t\t\t\t\t\t<\/div>\n\t\t\t\t<\/div>\n\t\t\t\t\t\t<\/div>\n\t\t\t\t\t<\/div>\n\t\t<\/div>\n\t\t\t\t\t\t\t\t<\/div>\n\t\t\t\t\t<\/div>\n\t\t<\/section>\n\t\t\t\t<section class=\"elementor-section elementor-top-section elementor-element elementor-element-7313786 elementor-section-boxed elementor-section-height-default elementor-section-height-default\" data-id=\"7313786\" data-element_type=\"section\">\n\t\t\t\t\t\t<div class=\"elementor-container elementor-column-gap-default\">\n\t\t\t\t\t\t\t<div class=\"elementor-row\">\n\t\t\t\t\t<div class=\"elementor-column elementor-col-100 elementor-top-column elementor-element elementor-element-22b6a36\" data-id=\"22b6a36\" data-element_type=\"column\">\n\t\t\t<div class=\"elementor-column-wrap elementor-element-populated\">\n\t\t\t\t\t\t\t<div class=\"elementor-widget-wrap\">\n\t\t\t\t\t\t<div class=\"elementor-element elementor-element-b874df1 elementor-widget elementor-widget-text-editor\" data-id=\"b874df1\" data-element_type=\"widget\" data-widget_type=\"text-editor.default\">\n\t\t\t\t<div class=\"elementor-widget-container\">\n\t\t\t\t\t\t\t\t<div class=\"elementor-text-editor elementor-clearfix\">\n\t\t\t\t<p><a id=\"LPlnk199403\" class=\"x_OWAAutoLink\" title=\"V\u00e9g\u00e9tal Concept - www.vegetal-concept.loc\" href=\"http:\/\/www.vegetal-concept.com\" target=\"_blank\" rel=\"noopener noreferrer\"><\/a><strong>Propri\u00e9taire, responsable de publication et cr\u00e9atrice du site :<\/strong><b><\/b> Isabelle SECKINGER<\/p><p><strong>H\u00e9bergement du site :<\/strong><\/p><p>OVH SAS \u2013 <a id=\"LPlnk104996\" class=\"x_OWAAutoLink\" href=\"http:\/\/www.ovh.com\" target=\"_blank\" rel=\"noopener noreferrer\">www.ovh.com<\/a><br \/>2 rue Kellermann \u2013 59100 Roubaix \u2013 France<\/p>\t\t\t\t\t<\/div>\n\t\t\t\t\t\t<\/div>\n\t\t\t\t<\/div>\n\t\t\t\t\t\t<\/div>\n\t\t\t\t\t<\/div>\n\t\t<\/div>\n\t\t\t\t\t\t\t\t<\/div>\n\t\t\t\t\t<\/div>\n\t\t<\/section>\n\t\t\t\t<section class=\"elementor-section elementor-top-section elementor-element elementor-element-4e1ed14 elementor-section-boxed elementor-section-height-default elementor-section-height-default\" data-id=\"4e1ed14\" data-element_type=\"section\">\n\t\t\t\t\t\t<div class=\"elementor-container elementor-column-gap-default\">\n\t\t\t\t\t\t\t<div class=\"elementor-row\">\n\t\t\t\t\t<div class=\"elementor-column elementor-col-100 elementor-top-column elementor-element elementor-element-b4b70ba\" data-id=\"b4b70ba\" data-element_type=\"column\">\n\t\t\t<div class=\"elementor-column-wrap elementor-element-populated\">\n\t\t\t\t\t\t\t<div class=\"elementor-widget-wrap\">\n\t\t\t\t\t\t<div class=\"elementor-element elementor-element-1af676f elementor-widget elementor-widget-text-editor\" data-id=\"1af676f\" data-element_type=\"widget\" data-widget_type=\"text-editor.default\">\n\t\t\t\t<div class=\"elementor-widget-container\">\n\t\t\t\t\t\t\t\t<div class=\"elementor-text-editor elementor-clearfix\">\n\t\t\t\t<p>Droits d&rsquo;auteur<\/p>\t\t\t\t\t<\/div>\n\t\t\t\t\t\t<\/div>\n\t\t\t\t<\/div>\n\t\t\t\t\t\t<\/div>\n\t\t\t\t\t<\/div>\n\t\t<\/div>\n\t\t\t\t\t\t\t\t<\/div>\n\t\t\t\t\t<\/div>\n\t\t<\/section>\n\t\t\t\t<section class=\"elementor-section elementor-top-section elementor-element elementor-element-131e4f0 elementor-section-boxed elementor-section-height-default elementor-section-height-default\" data-id=\"131e4f0\" data-element_type=\"section\">\n\t\t\t\t\t\t<div class=\"elementor-container elementor-column-gap-default\">\n\t\t\t\t\t\t\t<div class=\"elementor-row\">\n\t\t\t\t\t<div class=\"elementor-column elementor-col-100 elementor-top-column elementor-element elementor-element-cd17a63\" data-id=\"cd17a63\" data-element_type=\"column\">\n\t\t\t<div class=\"elementor-column-wrap elementor-element-populated\">\n\t\t\t\t\t\t\t<div class=\"elementor-widget-wrap\">\n\t\t\t\t\t\t<div class=\"elementor-element elementor-element-244a83a elementor-widget elementor-widget-text-editor\" data-id=\"244a83a\" data-element_type=\"widget\" data-widget_type=\"text-editor.default\">\n\t\t\t\t<div class=\"elementor-widget-container\">\n\t\t\t\t\t\t\t\t<div class=\"elementor-text-editor elementor-clearfix\">\n\t\t\t\t<p>La structure g\u00e9n\u00e9rale, ainsi que les textes, images anim\u00e9es ou fixes, sons, graphismes, documents t\u00e9l\u00e9chargeables, et tout autre \u00e9l\u00e9ment composant le site sont soit la propri\u00e9t\u00e9 exclusive d&rsquo;Isabelle SECKINGER, soit la propri\u00e9t\u00e9 de tiers ayant conc\u00e9d\u00e9 avec l&rsquo;auteur aux droits d\u2019utilisation de ces \u00e9l\u00e9ments.<\/p><p><br \/>Toute repr\u00e9sentation totale ou partielle de ce site par quelque soci\u00e9t\u00e9 que ce soit, sans l\u2019autorisation expresse de l\u2019exploitant du site, est interdite et constituerait une contrefa\u00e7on sanctionn\u00e9e par les articles L. 335-2 et suivants du Code de la propri\u00e9t\u00e9 intellectuelle.<\/p><p><br \/>Les \u00e9l\u00e9ments r\u00e9f\u00e9renc\u00e9s dans les rubriques \u00ab\u00a0cr\u00e9ations de visuels\u00a0\u00bb et \u00ab\u00a0illustrations\u00a0\u00bb de ce site rel\u00e8vent de la l\u00e9gislation fran\u00e7aise et internationale sur les droits d\u2019auteur et de la propri\u00e9t\u00e9 intellectuelle. Toute utilisation ou reproduction, totale ou partielle de ces \u00e9l\u00e9ments, par quelque proc\u00e9d\u00e9 que ce soit, constitue une contrefa\u00e7on sanctionn\u00e9e par le Code de la propri\u00e9t\u00e9 intellectuelle.<\/p>\t\t\t\t\t<\/div>\n\t\t\t\t\t\t<\/div>\n\t\t\t\t<\/div>\n\t\t\t\t\t\t<\/div>\n\t\t\t\t\t<\/div>\n\t\t<\/div>\n\t\t\t\t\t\t\t\t<\/div>\n\t\t\t\t\t<\/div>\n\t\t<\/section>\n\t\t\t\t\t\t\t\t\t<\/div>\n\t\t\t<\/div>\n\t\t\t\t\t<\/div>\n\t\t","protected":false},"excerpt":{"rendered":"<p>MENTIONS L\u00c9GALES Isabelle SECKINGER Informations \u00e9ditoriales Site :\u00a0isabelleseckinger.fr Propri\u00e9taire, responsable de publication et cr\u00e9atrice du site : Isabelle SECKINGER H\u00e9bergement du site : OVH SAS \u2013 www.ovh.com2 rue Kellermann \u2013 59100 Roubaix \u2013 France Droits d&rsquo;auteur La structure g\u00e9n\u00e9rale, ainsi que les textes, images anim\u00e9es ou fixes, sons, graphismes, documents t\u00e9l\u00e9chargeables, et tout autre \u00e9l\u00e9ment [&hellip;]<\/p>\n","protected":false},"author":1,"featured_media":0,"parent":0,"menu_order":0,"comment_status":"closed","ping_status":"closed","template":"elementor_header_footer","meta":{"footnotes":""},"_links":{"self":[{"href":"https:\/\/isabelleseckinger.fr\/index.php\/wp-json\/wp\/v2\/pages\/395"}],"collection":[{"href":"https:\/\/isabelleseckinger.fr\/index.php\/wp-json\/wp\/v2\/pages"}],"about":[{"href":"https:\/\/isabelleseckinger.fr\/index.php\/wp-json\/wp\/v2\/types\/page"}],"author":[{"embeddable":true,"href":"https:\/\/isabelleseckinger.fr\/index.php\/wp-json\/wp\/v2\/users\/1"}],"replies":[{"embeddable":true,"href":"https:\/\/isabelleseckinger.fr\/index.php\/wp-json\/wp\/v2\/comments?post=395"}],"version-history":[{"count":22,"href":"https:\/\/isabelleseckinger.fr\/index.php\/wp-json\/wp\/v2\/pages\/395\/revisions"}],"predecessor-version":[{"id":586,"href":"https:\/\/isabelleseckinger.fr\/index.php\/wp-json\/wp\/v2\/pages\/395\/revisions\/586"}],"wp:attachment":[{"href":"https:\/\/isabelleseckinger.fr\/index.php\/wp-json\/wp\/v2\/media?parent=395"}],"curies":[{"name":"wp","href":"https:\/\/api.w.org\/{rel}","templated":true}]}}